{"id":29713,"date":"2024-04-29T23:37:05","date_gmt":"2024-04-30T03:37:05","guid":{"rendered":"https:\/\/totbox.ca\/?page_id=29713"},"modified":"2024-05-26T18:37:47","modified_gmt":"2024-05-26T22:37:47","slug":"course-schedule-list","status":"publish","type":"page","link":"https:\/\/totbox.ca\/fr_ca\/course-schedule-list\/","title":{"rendered":"Calendrier des cours"},"content":{"rendered":"<div data-elementor-type=\"wp-page\" data-elementor-id=\"29713\" class=\"elementor elementor-29713\" data-elementor-settings=\"{&quot;element_pack_global_tooltip_width&quot;:{&quot;unit&quot;:&quot;px&quot;,&quot;size&quot;:&quot;&quot;,&quot;sizes&quot;:[]},&quot;element_pack_global_tooltip_width_tablet&quot;:{&quot;unit&quot;:&quot;px&quot;,&quot;size&quot;:&quot;&quot;,&quot;sizes&quot;:[]},&quot;element_pack_global_tooltip_width_mobile&quot;:{&quot;unit&quot;:&quot;px&quot;,&quot;size&quot;:&quot;&quot;,&quot;sizes&quot;:[]},&quot;element_pack_global_tooltip_padding&quot;:{&quot;unit&quot;:&quot;px&quot;,&quot;top&quot;:&quot;&quot;,&quot;right&quot;:&quot;&quot;,&quot;bottom&quot;:&quot;&quot;,&quot;left&quot;:&quot;&quot;,&quot;isLinked&quot;:true},&quot;element_pack_global_tooltip_padding_tablet&quot;:{&quot;unit&quot;:&quot;px&quot;,&quot;top&quot;:&quot;&quot;,&quot;right&quot;:&quot;&quot;,&quot;bottom&quot;:&quot;&quot;,&quot;left&quot;:&quot;&quot;,&quot;isLinked&quot;:true},&quot;element_pack_global_tooltip_padding_mobile&quot;:{&quot;unit&quot;:&quot;px&quot;,&quot;top&quot;:&quot;&quot;,&quot;right&quot;:&quot;&quot;,&quot;bottom&quot;:&quot;&quot;,&quot;left&quot;:&quot;&quot;,&quot;isLinked&quot;:true},&quot;element_pack_global_tooltip_border_radius&quot;:{&quot;unit&quot;:&quot;px&quot;,&quot;top&quot;:&quot;&quot;,&quot;right&quot;:&quot;&quot;,&quot;bottom&quot;:&quot;&quot;,&quot;left&quot;:&quot;&quot;,&quot;isLinked&quot;:true},&quot;element_pack_global_tooltip_border_radius_tablet&quot;:{&quot;unit&quot;:&quot;px&quot;,&quot;top&quot;:&quot;&quot;,&quot;right&quot;:&quot;&quot;,&quot;bottom&quot;:&quot;&quot;,&quot;left&quot;:&quot;&quot;,&quot;isLinked&quot;:true},&quot;element_pack_global_tooltip_border_radius_mobile&quot;:{&quot;unit&quot;:&quot;px&quot;,&quot;top&quot;:&quot;&quot;,&quot;right&quot;:&quot;&quot;,&quot;bottom&quot;:&quot;&quot;,&quot;left&quot;:&quot;&quot;,&quot;isLinked&quot;:true}}\" data-elementor-post-type=\"page\">\n\t\t\t\t<div class=\"elementor-element elementor-element-1eb0a53a e-flex e-con-boxed e-con e-parent\" data-id=\"1eb0a53a\" data-element_type=\"container\" data-e-type=\"container\">\n\t\t\t\t\t<div class=\"e-con-inner\">\n\t\t\t\t<div class=\"elementor-element elementor-element-122a6b1e bdt-ep-main-color-yes elementor-widget elementor-widget-bdt-advanced-heading\" data-id=\"122a6b1e\" data-element_type=\"widget\" data-e-type=\"widget\" data-settings=\"{&quot;mdp_selection_scrolling_effect_enable&quot;:false}\" data-widget_type=\"bdt-advanced-heading.default\">\n\t\t\t\t<div class=\"elementor-widget-container\">\n\t\t\t\t\t\t\t\t<div class=\"bdt-ep-advanced-heading-sub-title\">\n\t\t\t\t<div class=\"bdt-ep-advanced-heading-sub-title-content\">\n\t\t\t\t\t\t\t\t\t\tMICROSOFT 365\t\t\t\t\t\t\t\t\t<\/div>\n\t\t\t\t<div class=\"line bdt-flex-align-left\"><\/div>\t\t\t<\/div>\n\t\t\t<div id=\"122a6b1e\" class=\"bdt-ep-advanced-heading\" data-settings=\"{&quot;titleMultiColor&quot;:&quot;no&quot;}\"><h2 class=\"bdt-ep-advanced-heading-title\"><span class=\"bdt-ep-advanced-heading-main-title\"><span class=\"bdt-ep-advanced-heading-main-title-inner\">Calendrier d&#039;inscription ouvert<\/span><\/span><\/h2><\/div>\t\t\t\t<\/div>\n\t\t\t\t<\/div>\n\t\t\t\t\t<\/div>\n\t\t\t\t<\/div>\n\t\t<div class=\"elementor-element elementor-element-e96f0f3 e-flex e-con-boxed e-con e-parent\" data-id=\"e96f0f3\" data-element_type=\"container\" data-e-type=\"container\">\n\t\t\t\t\t<div class=\"e-con-inner\">\n\t\t\t\t<div class=\"elementor-element elementor-element-c907088 elementor-widget elementor-widget-the-event-main\" data-id=\"c907088\" data-element_type=\"widget\" data-e-type=\"widget\" data-settings=\"{&quot;mdp_selection_scrolling_effect_enable&quot;:false}\" data-widget_type=\"the-event-main.default\">\n\t\t\t\t<div class=\"elementor-widget-container\">\n\t\t\t\t\t<div class=\"ewpe-main-wrapper ewpe-list-wrapper\">Aucun \u00e9v\u00e9nement trouv\u00e9<\/div>\t\t\t\t<\/div>\n\t\t\t\t<\/div>\n\t\t\t\t\t<\/div>\n\t\t\t\t<\/div>\n\t\t<div class=\"elementor-element elementor-element-7840628 e-flex e-con-boxed e-con e-parent\" data-id=\"7840628\" data-element_type=\"container\" data-e-type=\"container\">\n\t\t\t\t\t<div class=\"e-con-inner\">\n\t\t\t\t\t<\/div>\n\t\t\t\t<\/div>\n\t\t\t\t<\/div>","protected":false},"excerpt":{"rendered":"<p>Calendrier d&#039;inscription ouverte MICROSOFT 365 mai 2024 27 et 28 mai Lundi, 13h00 \u2013 16h00 Mardi, 13h00\u2026<\/p>","protected":false},"author":1,"featured_media":25507,"parent":0,"menu_order":0,"comment_status":"closed","ping_status":"closed","template":"","meta":{"_acf_changed":false,"_coblocks_attr":"","_coblocks_dimensions":"","_coblocks_responsive_height":"","_coblocks_accordion_ie_support":"","inline_featured_image":false,"_price":"","_stock":"","_tribe_ticket_header":"","_tribe_default_ticket_provider":"","_tribe_ticket_capacity":"0","_ticket_start_date":"","_ticket_end_date":"","_tribe_ticket_show_description":"","_tribe_ticket_show_not_going":false,"_tribe_ticket_use_global_stock":"","_tribe_ticket_global_stock_level":"","_global_stock_mode":"","_global_stock_cap":"","_tribe_rsvp_for_event":"","_tribe_ticket_going_count":"","_tribe_ticket_not_going_count":"","_tribe_tickets_list":"[]","_tribe_ticket_has_attendee_info_fields":false,"footnotes":"","_links_to":"","_links_to_target":""},"class_list":["post-29713","page","type-page","status-publish","has-post-thumbnail","hentry"],"acf":[],"yoast_head":"<!-- This site is optimized with the Yoast SEO plugin v27.4 - https:\/\/yoast.com\/product\/yoast-seo-wordpress\/ -->\n<title>Course Schedule - Totbox Productivity Solutions<\/title>\n<meta name=\"robots\" content=\"index, follow, max-snippet:-1, max-image-preview:large, max-video-preview:-1\" \/>\n<link rel=\"canonical\" href=\"https:\/\/totbox.ca\/fr_ca\/course-schedule-list\/\" \/>\n<meta property=\"og:locale\" content=\"fr_CA\" \/>\n<meta property=\"og:type\" content=\"article\" \/>\n<meta property=\"og:title\" content=\"Course Schedule - Totbox Productivity Solutions\" \/>\n<meta property=\"og:description\" content=\"MICROSOFT 365 Open enrollment Schedule May 2024 May 27 &#8211; 28 May Monday, 1:00 pm &#8211; 4:00 pm Tuesday, 1:00&#8230;\" \/>\n<meta property=\"og:url\" content=\"https:\/\/totbox.ca\/fr_ca\/course-schedule-list\/\" \/>\n<meta property=\"og:site_name\" content=\"Totbox Productivity Solutions\" \/>\n<meta property=\"article:modified_time\" content=\"2024-05-26T22:37:47+00:00\" \/>\n<meta property=\"og:image\" content=\"https:\/\/totbox.ca\/wp-content\/uploads\/2024\/04\/AdobeStock_426475037-scaled.jpeg\" \/>\n\t<meta property=\"og:image:width\" content=\"2560\" \/>\n\t<meta property=\"og:image:height\" content=\"1025\" \/>\n\t<meta property=\"og:image:type\" content=\"image\/jpeg\" \/>\n<meta name=\"twitter:card\" content=\"summary_large_image\" \/>\n<meta name=\"twitter:label1\" content=\"Estimation du temps de lecture\" \/>\n\t<meta name=\"twitter:data1\" content=\"10 minutes\" \/>\n<script type=\"application\/ld+json\" class=\"yoast-schema-graph\">{\"@context\":\"https:\\\/\\\/schema.org\",\"@graph\":[{\"@type\":\"WebPage\",\"@id\":\"https:\\\/\\\/totbox.ca\\\/fr_ca\\\/course-schedule-list\\\/\",\"url\":\"https:\\\/\\\/totbox.ca\\\/fr_ca\\\/course-schedule-list\\\/\",\"name\":\"Course Schedule - Totbox Productivity Solutions\",\"isPartOf\":{\"@id\":\"https:\\\/\\\/totbox.ca\\\/fr_ca\\\/#website\"},\"primaryImageOfPage\":{\"@id\":\"https:\\\/\\\/totbox.ca\\\/fr_ca\\\/course-schedule-list\\\/#primaryimage\"},\"image\":{\"@id\":\"https:\\\/\\\/totbox.ca\\\/fr_ca\\\/course-schedule-list\\\/#primaryimage\"},\"thumbnailUrl\":\"https:\\\/\\\/totbox.ca\\\/wp-content\\\/uploads\\\/2024\\\/04\\\/AdobeStock_426475037-scaled.jpeg\",\"datePublished\":\"2024-04-30T03:37:05+00:00\",\"dateModified\":\"2024-05-26T22:37:47+00:00\",\"breadcrumb\":{\"@id\":\"https:\\\/\\\/totbox.ca\\\/fr_ca\\\/course-schedule-list\\\/#breadcrumb\"},\"inLanguage\":\"fr-CA\",\"potentialAction\":[{\"@type\":\"ReadAction\",\"target\":[\"https:\\\/\\\/totbox.ca\\\/fr_ca\\\/course-schedule-list\\\/\"]}]},{\"@type\":\"ImageObject\",\"inLanguage\":\"fr-CA\",\"@id\":\"https:\\\/\\\/totbox.ca\\\/fr_ca\\\/course-schedule-list\\\/#primaryimage\",\"url\":\"https:\\\/\\\/totbox.ca\\\/wp-content\\\/uploads\\\/2024\\\/04\\\/AdobeStock_426475037-scaled.jpeg\",\"contentUrl\":\"https:\\\/\\\/totbox.ca\\\/wp-content\\\/uploads\\\/2024\\\/04\\\/AdobeStock_426475037-scaled.jpeg\",\"width\":2560,\"height\":1025,\"caption\":\"Online business briefing, virtual meeting. Panoramic photo of laptop screen with webcam shots of multi ethnic business partners communicates from home by a video conference, online webinar. Copy space\"},{\"@type\":\"BreadcrumbList\",\"@id\":\"https:\\\/\\\/totbox.ca\\\/fr_ca\\\/course-schedule-list\\\/#breadcrumb\",\"itemListElement\":[{\"@type\":\"ListItem\",\"position\":1,\"name\":\"Home\",\"item\":\"https:\\\/\\\/totbox.ca\\\/fr_ca\\\/\"},{\"@type\":\"ListItem\",\"position\":2,\"name\":\"Course Schedule\"}]},{\"@type\":\"WebSite\",\"@id\":\"https:\\\/\\\/totbox.ca\\\/fr_ca\\\/#website\",\"url\":\"https:\\\/\\\/totbox.ca\\\/fr_ca\\\/\",\"name\":\"Totbox Productivity Solutions\",\"description\":\"Unlock your productivity potential\",\"publisher\":{\"@id\":\"https:\\\/\\\/totbox.ca\\\/fr_ca\\\/#organization\"},\"potentialAction\":[{\"@type\":\"SearchAction\",\"target\":{\"@type\":\"EntryPoint\",\"urlTemplate\":\"https:\\\/\\\/totbox.ca\\\/fr_ca\\\/?s={search_term_string}\"},\"query-input\":{\"@type\":\"PropertyValueSpecification\",\"valueRequired\":true,\"valueName\":\"search_term_string\"}}],\"inLanguage\":\"fr-CA\"},{\"@type\":\"Organization\",\"@id\":\"https:\\\/\\\/totbox.ca\\\/fr_ca\\\/#organization\",\"name\":\"Totbox Productivity Solutions\",\"url\":\"https:\\\/\\\/totbox.ca\\\/fr_ca\\\/\",\"logo\":{\"@type\":\"ImageObject\",\"inLanguage\":\"fr-CA\",\"@id\":\"https:\\\/\\\/totbox.ca\\\/fr_ca\\\/#\\\/schema\\\/logo\\\/image\\\/\",\"url\":\"https:\\\/\\\/totbox.ca\\\/wp-content\\\/uploads\\\/2024\\\/04\\\/TOTBOX-logo-for-website-orange.png\",\"contentUrl\":\"https:\\\/\\\/totbox.ca\\\/wp-content\\\/uploads\\\/2024\\\/04\\\/TOTBOX-logo-for-website-orange.png\",\"width\":176,\"height\":57,\"caption\":\"Totbox Productivity Solutions\"},\"image\":{\"@id\":\"https:\\\/\\\/totbox.ca\\\/fr_ca\\\/#\\\/schema\\\/logo\\\/image\\\/\"}}]}<\/script>\n<!-- \/ Yoast SEO plugin. -->","yoast_head_json":{"title":"Course Schedule - Totbox Productivity Solutions","robots":{"index":"index","follow":"follow","max-snippet":"max-snippet:-1","max-image-preview":"max-image-preview:large","max-video-preview":"max-video-preview:-1"},"canonical":"https:\/\/totbox.ca\/fr_ca\/course-schedule-list\/","og_locale":"fr_CA","og_type":"article","og_title":"Course Schedule - Totbox Productivity Solutions","og_description":"MICROSOFT 365 Open enrollment Schedule May 2024 May 27 &#8211; 28 May Monday, 1:00 pm &#8211; 4:00 pm Tuesday, 1:00&#8230;","og_url":"https:\/\/totbox.ca\/fr_ca\/course-schedule-list\/","og_site_name":"Totbox Productivity Solutions","article_modified_time":"2024-05-26T22:37:47+00:00","og_image":[{"width":2560,"height":1025,"url":"https:\/\/totbox.ca\/wp-content\/uploads\/2024\/04\/AdobeStock_426475037-scaled.jpeg","type":"image\/jpeg"}],"twitter_card":"summary_large_image","twitter_misc":{"Estimation du temps de lecture":"10 minutes"},"schema":{"@context":"https:\/\/schema.org","@graph":[{"@type":"WebPage","@id":"https:\/\/totbox.ca\/fr_ca\/course-schedule-list\/","url":"https:\/\/totbox.ca\/fr_ca\/course-schedule-list\/","name":"Course Schedule - Totbox Productivity Solutions","isPartOf":{"@id":"https:\/\/totbox.ca\/fr_ca\/#website"},"primaryImageOfPage":{"@id":"https:\/\/totbox.ca\/fr_ca\/course-schedule-list\/#primaryimage"},"image":{"@id":"https:\/\/totbox.ca\/fr_ca\/course-schedule-list\/#primaryimage"},"thumbnailUrl":"https:\/\/totbox.ca\/wp-content\/uploads\/2024\/04\/AdobeStock_426475037-scaled.jpeg","datePublished":"2024-04-30T03:37:05+00:00","dateModified":"2024-05-26T22:37:47+00:00","breadcrumb":{"@id":"https:\/\/totbox.ca\/fr_ca\/course-schedule-list\/#breadcrumb"},"inLanguage":"fr-CA","potentialAction":[{"@type":"ReadAction","target":["https:\/\/totbox.ca\/fr_ca\/course-schedule-list\/"]}]},{"@type":"ImageObject","inLanguage":"fr-CA","@id":"https:\/\/totbox.ca\/fr_ca\/course-schedule-list\/#primaryimage","url":"https:\/\/totbox.ca\/wp-content\/uploads\/2024\/04\/AdobeStock_426475037-scaled.jpeg","contentUrl":"https:\/\/totbox.ca\/wp-content\/uploads\/2024\/04\/AdobeStock_426475037-scaled.jpeg","width":2560,"height":1025,"caption":"Online business briefing, virtual meeting. Panoramic photo of laptop screen with webcam shots of multi ethnic business partners communicates from home by a video conference, online webinar. Copy space"},{"@type":"BreadcrumbList","@id":"https:\/\/totbox.ca\/fr_ca\/course-schedule-list\/#breadcrumb","itemListElement":[{"@type":"ListItem","position":1,"name":"Home","item":"https:\/\/totbox.ca\/fr_ca\/"},{"@type":"ListItem","position":2,"name":"Course Schedule"}]},{"@type":"WebSite","@id":"https:\/\/totbox.ca\/fr_ca\/#website","url":"https:\/\/totbox.ca\/fr_ca\/","name":"Solutions de productivit\u00e9 Totbox","description":"Lib\u00e9rez votre potentiel de productivit\u00e9","publisher":{"@id":"https:\/\/totbox.ca\/fr_ca\/#organization"},"potentialAction":[{"@type":"SearchAction","target":{"@type":"EntryPoint","urlTemplate":"https:\/\/totbox.ca\/fr_ca\/?s={search_term_string}"},"query-input":{"@type":"PropertyValueSpecification","valueRequired":true,"valueName":"search_term_string"}}],"inLanguage":"fr-CA"},{"@type":"Organization","@id":"https:\/\/totbox.ca\/fr_ca\/#organization","name":"Solutions de productivit\u00e9 Totbox","url":"https:\/\/totbox.ca\/fr_ca\/","logo":{"@type":"ImageObject","inLanguage":"fr-CA","@id":"https:\/\/totbox.ca\/fr_ca\/#\/schema\/logo\/image\/","url":"https:\/\/totbox.ca\/wp-content\/uploads\/2024\/04\/TOTBOX-logo-for-website-orange.png","contentUrl":"https:\/\/totbox.ca\/wp-content\/uploads\/2024\/04\/TOTBOX-logo-for-website-orange.png","width":176,"height":57,"caption":"Totbox Productivity Solutions"},"image":{"@id":"https:\/\/totbox.ca\/fr_ca\/#\/schema\/logo\/image\/"}}]}},"_links":{"self":[{"href":"https:\/\/totbox.ca\/fr_ca\/wp-json\/wp\/v2\/pages\/29713","targetHints":{"allow":["GET"]}}],"collection":[{"href":"https:\/\/totbox.ca\/fr_ca\/wp-json\/wp\/v2\/pages"}],"about":[{"href":"https:\/\/totbox.ca\/fr_ca\/wp-json\/wp\/v2\/types\/page"}],"author":[{"embeddable":true,"href":"https:\/\/totbox.ca\/fr_ca\/wp-json\/wp\/v2\/users\/1"}],"replies":[{"embeddable":true,"href":"https:\/\/totbox.ca\/fr_ca\/wp-json\/wp\/v2\/comments?post=29713"}],"version-history":[{"count":111,"href":"https:\/\/totbox.ca\/fr_ca\/wp-json\/wp\/v2\/pages\/29713\/revisions"}],"predecessor-version":[{"id":31156,"href":"https:\/\/totbox.ca\/fr_ca\/wp-json\/wp\/v2\/pages\/29713\/revisions\/31156"}],"wp:featuredmedia":[{"embeddable":true,"href":"https:\/\/totbox.ca\/fr_ca\/wp-json\/wp\/v2\/media\/25507"}],"wp:attachment":[{"href":"https:\/\/totbox.ca\/fr_ca\/wp-json\/wp\/v2\/media?parent=29713"}],"curies":[{"name":"wp","href":"https:\/\/api.w.org\/{rel}","templated":true}]}}