{"id":11142,"date":"2023-07-11T14:54:23","date_gmt":"2023-07-11T14:54:23","guid":{"rendered":"https:\/\/devsedu.softatomic.com\/?page_id=11142"},"modified":"2024-04-18T00:01:15","modified_gmt":"2024-04-18T00:01:15","slug":"privacy-policy-2","status":"publish","type":"page","link":"https:\/\/totbox.ca\/fr_ca\/privacy-policy-2\/","title":{"rendered":"Politique de confidentialit\u00e9"},"content":{"rendered":"<div data-elementor-type=\"wp-page\" data-elementor-id=\"11142\" class=\"elementor elementor-11142\" data-elementor-settings=\"{&quot;element_pack_global_tooltip_width&quot;:{&quot;unit&quot;:&quot;px&quot;,&quot;size&quot;:&quot;&quot;,&quot;sizes&quot;:[]},&quot;element_pack_global_tooltip_width_tablet&quot;:{&quot;unit&quot;:&quot;px&quot;,&quot;size&quot;:&quot;&quot;,&quot;sizes&quot;:[]},&quot;element_pack_global_tooltip_width_mobile&quot;:{&quot;unit&quot;:&quot;px&quot;,&quot;size&quot;:&quot;&quot;,&quot;sizes&quot;:[]},&quot;element_pack_global_tooltip_padding&quot;:{&quot;unit&quot;:&quot;px&quot;,&quot;top&quot;:&quot;&quot;,&quot;right&quot;:&quot;&quot;,&quot;bottom&quot;:&quot;&quot;,&quot;left&quot;:&quot;&quot;,&quot;isLinked&quot;:true},&quot;element_pack_global_tooltip_padding_tablet&quot;:{&quot;unit&quot;:&quot;px&quot;,&quot;top&quot;:&quot;&quot;,&quot;right&quot;:&quot;&quot;,&quot;bottom&quot;:&quot;&quot;,&quot;left&quot;:&quot;&quot;,&quot;isLinked&quot;:true},&quot;element_pack_global_tooltip_padding_mobile&quot;:{&quot;unit&quot;:&quot;px&quot;,&quot;top&quot;:&quot;&quot;,&quot;right&quot;:&quot;&quot;,&quot;bottom&quot;:&quot;&quot;,&quot;left&quot;:&quot;&quot;,&quot;isLinked&quot;:true},&quot;element_pack_global_tooltip_border_radius&quot;:{&quot;unit&quot;:&quot;px&quot;,&quot;top&quot;:&quot;&quot;,&quot;right&quot;:&quot;&quot;,&quot;bottom&quot;:&quot;&quot;,&quot;left&quot;:&quot;&quot;,&quot;isLinked&quot;:true},&quot;element_pack_global_tooltip_border_radius_tablet&quot;:{&quot;unit&quot;:&quot;px&quot;,&quot;top&quot;:&quot;&quot;,&quot;right&quot;:&quot;&quot;,&quot;bottom&quot;:&quot;&quot;,&quot;left&quot;:&quot;&quot;,&quot;isLinked&quot;:true},&quot;element_pack_global_tooltip_border_radius_mobile&quot;:{&quot;unit&quot;:&quot;px&quot;,&quot;top&quot;:&quot;&quot;,&quot;right&quot;:&quot;&quot;,&quot;bottom&quot;:&quot;&quot;,&quot;left&quot;:&quot;&quot;,&quot;isLinked&quot;:true}}\" data-elementor-post-type=\"page\">\n\t\t\t\t\t\t<section class=\"elementor-section elementor-top-section elementor-element elementor-element-b9f7919 elementor-section-boxed elementor-section-height-default elementor-section-height-default\" data-id=\"b9f7919\" data-element_type=\"section\" data-e-type=\"section\" data-settings=\"{&quot;mdp_selection_sticky_effect_enable&quot;:false,&quot;mdp_selection_scrolling_effect_enable&quot;:false}\">\n\t\t\t\t\t\t<div class=\"elementor-container elementor-column-gap-extended\">\n\t\t\t\t\t<div class=\"elementor-column elementor-col-100 elementor-top-column elementor-element elementor-element-bbd9c3b\" data-id=\"bbd9c3b\" data-element_type=\"column\" data-e-type=\"column\" data-settings=\"{&quot;mdp_selection_sticky_column_effect_enable&quot;:false,&quot;mdp_selection_scrolling_effect_enable&quot;:false}\">\n\t\t\t<div class=\"elementor-widget-wrap elementor-element-populated\">\n\t\t\t\t\t\t<section class=\"elementor-section elementor-inner-section elementor-element elementor-element-22c8084 elementor-section-boxed elementor-section-height-default elementor-section-height-default\" data-id=\"22c8084\" data-element_type=\"section\" data-e-type=\"section\" data-settings=\"{&quot;mdp_selection_sticky_effect_enable&quot;:false,&quot;mdp_selection_scrolling_effect_enable&quot;:false}\">\n\t\t\t\t\t\t<div class=\"elementor-container elementor-column-gap-no\">\n\t\t\t\t\t<div class=\"elementor-column elementor-col-100 elementor-inner-column elementor-element elementor-element-87906a3\" data-id=\"87906a3\" data-element_type=\"column\" data-e-type=\"column\" data-settings=\"{&quot;mdp_selection_sticky_column_effect_enable&quot;:false,&quot;mdp_selection_scrolling_effect_enable&quot;:false}\">\n\t\t\t<div class=\"elementor-widget-wrap elementor-element-populated\">\n\t\t\t\t\t\t<div class=\"elementor-element elementor-element-54cbb7e elementor-widget elementor-widget-heading\" data-id=\"54cbb7e\" data-element_type=\"widget\" data-e-type=\"widget\" data-settings=\"{&quot;mdp_selection_scrolling_effect_enable&quot;:false}\" data-widget_type=\"heading.default\">\n\t\t\t\t<div class=\"elementor-widget-container\">\n\t\t\t\t\t<h4 class=\"elementor-heading-title elementor-size-default\">Politique de confidentialit\u00e9 des solutions de productivit\u00e9 Totbox <br><\/h4>\t\t\t\t<\/div>\n\t\t\t\t<\/div>\n\t\t\t\t\t<\/div>\n\t\t<\/div>\n\t\t\t\t\t<\/div>\n\t\t<\/section>\n\t\t\t\t<section class=\"elementor-section elementor-inner-section elementor-element elementor-element-8e4ca56 elementor-section-boxed elementor-section-height-default elementor-section-height-default\" data-id=\"8e4ca56\" data-element_type=\"section\" data-e-type=\"section\" data-settings=\"{&quot;mdp_selection_sticky_effect_enable&quot;:false,&quot;mdp_selection_scrolling_effect_enable&quot;:false}\">\n\t\t\t\t\t\t<div class=\"elementor-container elementor-column-gap-no\">\n\t\t\t\t\t<div class=\"elementor-column elementor-col-100 elementor-inner-column elementor-element elementor-element-17aa1de\" data-id=\"17aa1de\" data-element_type=\"column\" data-e-type=\"column\" data-settings=\"{&quot;mdp_selection_sticky_column_effect_enable&quot;:false,&quot;mdp_selection_scrolling_effect_enable&quot;:false}\">\n\t\t\t<div class=\"elementor-widget-wrap elementor-element-populated\">\n\t\t\t\t\t\t<div class=\"elementor-element elementor-element-68e1a3c elementor-widget elementor-widget-text-editor\" data-id=\"68e1a3c\" data-element_type=\"widget\" data-e-type=\"widget\" data-settings=\"{&quot;mdp_selection_scrolling_effect_enable&quot;:false}\" data-widget_type=\"text-editor.default\">\n\t\t\t\t<div class=\"elementor-widget-container\">\n\t\t\t\t\t\t\t\t\t<h5 style=\"background: transparent; border: 0px; outline: 0px; vertical-align: baseline; pointer-events: auto; line-height: normal; color: rgb(var(--color_2)); margin-block: 0px; margin-bottom: 0px;\"><span style=\"background: transparent; border: 0px; outline: 0px; vertical-align: baseline;\"><b>Collecte de renseignements personnels<\/b><\/span><\/h5><p style=\"background: transparent; border: 0px; outline: 0px; vertical-align: baseline; pointer-events: auto; line-height: normal; color: rgb(var(--color_2)); margin-block: 0px; margin-bottom: 0px;\"><span style=\"background: transparent; border: 0px; outline: 0px; vertical-align: baseline;\">\u00a0<\/span><\/p><p style=\"background: transparent; border: 0px; outline: 0px; vertical-align: baseline; pointer-events: auto; line-height: normal; color: rgb(var(--color_2)); margin-block: 0px; margin-bottom: 0px;\"><span style=\"background: transparent; border: 0px; outline: 0px; vertical-align: baseline;\">Lorsque vous visitez notre site, nous collectons automatiquement certaines informations sur votre appareil, notamment des informations sur votre navigateur Web, votre adresse IP, votre fuseau horaire et certains des cookies install\u00e9s sur votre appareil. De plus, lorsque vous parcourez le Site, nous collectons des informations sur les pages Web ou les produits individuels que vous consultez, les sites Web ou les termes de recherche qui vous ont renvoy\u00e9 vers le Site, ainsi que des informations sur la mani\u00e8re dont vous interagissez avec notre Site. Nous appelons ces informations collect\u00e9es automatiquement \u00ab\u00a0Informations sur l&#039;appareil\u00a0\u00bb.<\/span><\/p><p style=\"background: transparent; border: 0px; outline: 0px; vertical-align: baseline; pointer-events: auto; line-height: normal; color: rgb(var(--color_2)); margin-block: 0px; margin-bottom: 0px;\"><span style=\"background: transparent; border: 0px; outline: 0px; vertical-align: baseline;\">Nous collectons des informations sur les appareils \u00e0 l&#039;aide des technologies suivantes\u00a0:<\/span><\/p><p style=\"background: transparent; border: 0px; outline: 0px; vertical-align: baseline; pointer-events: auto; line-height: normal; color: rgb(var(--color_2)); margin-block: 0px; margin-bottom: 0px;\"><span style=\"background: transparent; border: 0px; outline: 0px; vertical-align: baseline;\">\u00a0<\/span><\/p><ul><li style=\"background: transparent; border: 0px; outline: 0px; vertical-align: baseline; pointer-events: auto; line-height: normal; color: rgb(var(--color_2)); margin-block: 0px;\"><span style=\"background: transparent; border: 0px; outline: 0px; vertical-align: baseline;\">Les \u00ab cookies \u00bb sont des fichiers de donn\u00e9es plac\u00e9s sur votre appareil ou ordinateur et incluent souvent un identifiant unique anonyme. Pour plus d&#039;informations sur les cookies et comment les d\u00e9sactiver, visitez http:\/\/www.allaboutcookies.org.<\/span><\/li><\/ul><ul><li style=\"background: transparent; border: 0px; outline: 0px; vertical-align: baseline; pointer-events: auto; line-height: normal; color: rgb(var(--color_2)); margin-block: 0px;\">Les \u00ab fichiers journaux \u00bb suivent les actions qui se produisent sur le site et collectent des donn\u00e9es, notamment votre adresse IP, votre type de navigateur, votre fournisseur de services Internet, les pages de r\u00e9f\u00e9rence\/de sortie et les horodatages.<\/li><\/ul><ul><li style=\"background: transparent; border: 0px; outline: 0px; vertical-align: baseline; pointer-events: auto; line-height: normal; color: rgb(var(--color_2)); margin-block: 0px;\">Les \u00ab balises Web \u00bb, les \u00ab balises \u00bb et les \u00ab pixels \u00bb sont des fichiers \u00e9lectroniques utilis\u00e9s pour enregistrer des informations sur la fa\u00e7on dont vous naviguez sur le Site.\u00a0<\/li><\/ul><p style=\"background: transparent; border: 0px; outline: 0px; vertical-align: baseline; pointer-events: auto; line-height: normal; color: rgb(var(--color_2)); margin-block: 0px; margin-bottom: 0px;\"><span style=\"background: transparent; border: 0px; outline: 0px; vertical-align: baseline;\">De plus, lorsque vous effectuez un achat ou tentez d&#039;effectuer un achat via notre site, nous collectons certaines informations vous concernant, notamment votre nom, votre adresse de facturation, votre adresse de livraison, vos informations de paiement (y compris les num\u00e9ros de carte de cr\u00e9dit, votre adresse e-mail et votre num\u00e9ro de t\u00e9l\u00e9phone. Nous vous r\u00e9f\u00e9rons \u00e0 ces informations en tant que \u00ab\u00a0Informations sur la commande\u00a0\u00bb.<\/span><\/p><p style=\"background: transparent; border: 0px; outline: 0px; vertical-align: baseline; pointer-events: auto; line-height: normal; color: rgb(var(--color_2)); margin-block: 0px; margin-bottom: 0px;\"><span style=\"background: transparent; border: 0px; outline: 0px; vertical-align: baseline;\">\u00a0<\/span><\/p><p style=\"background: transparent; border: 0px; outline: 0px; vertical-align: baseline; pointer-events: auto; line-height: normal; color: rgb(var(--color_2)); margin-block: 0px; margin-bottom: 0px;\"><span style=\"background: transparent; border: 0px; outline: 0px; vertical-align: baseline;\">Lorsque nous parlons de \u00ab\u00a0Informations personnelles\u00a0\u00bb dans cette politique de confidentialit\u00e9, nous parlons \u00e0 la fois d&#039;informations sur l&#039;appareil et d&#039;informations sur la commande.<\/span><\/p><p style=\"background: transparent; border: 0px; outline: 0px; vertical-align: baseline; pointer-events: auto; line-height: normal; color: rgb(var(--color_2)); margin-block: 0px; margin-bottom: 0px;\"><span style=\"background: transparent; border: 0px; outline: 0px; vertical-align: baseline;\">\u00a0<\/span><\/p><p style=\"background: transparent; border: 0px; outline: 0px; vertical-align: baseline; pointer-events: auto; line-height: normal; color: rgb(var(--color_2)); margin-block: 0px; margin-bottom: 0px;\"><span style=\"background: transparent; border: 0px; outline: 0px; vertical-align: baseline;\">\u00a0<\/span><\/p><h5><b>Comment utilisons-nous les informations personnelles ?<\/b><\/h5><p><span style=\"font-family: 'Open Sans', sans-serif; font-size: 16px;\">Nous utilisons les informations de commande que nous collectons g\u00e9n\u00e9ralement pour ex\u00e9cuter toute commande pass\u00e9e via le site (y compris le traitement de vos informations de paiement, l&#039;organisation de l&#039;exp\u00e9dition et la fourniture de factures et\/ou de confirmations de commande). De plus, nous utilisons ces informations de commande pour : Communiquer avec vous ; V\u00e9rifier nos commandes pour d\u00e9celer tout risque ou fraude potentiel\u00a0; et Lorsque cela correspond aux pr\u00e9f\u00e9rences que vous avez partag\u00e9es avec nous, vous fournir des informations ou des publicit\u00e9s relatives \u00e0 nos produits ou services.<\/span><\/p><p>Nous utilisons les informations sur les appareils que nous collectons pour nous aider \u00e0 d\u00e9tecter les risques et fraudes potentiels (en particulier votre adresse IP), et plus g\u00e9n\u00e9ralement pour am\u00e9liorer et optimiser notre site (par exemple, en g\u00e9n\u00e9rant des analyses sur la fa\u00e7on dont nos clients naviguent et interagissent avec le Site, et pour \u00e9valuer le succ\u00e8s de nos campagnes marketing et publicitaires).<\/p><p>Nous partageons vos informations personnelles avec des tiers pour nous aider \u00e0 utiliser vos informations personnelles, comme d\u00e9crit ci-dessus. Par exemple, nous utilisons Shopify pour alimenter notre boutique en ligne. Vous pouvez en savoir plus sur la mani\u00e8re dont Shopify utilise vos informations personnelles ici\u00a0: https:\/\/www.shopify.com\/legal\/privacy. Nous utilisons \u00e9galement Google Analytics pour nous aider \u00e0 comprendre comment nos clients utilisent le Site. Vous pouvez en savoir plus sur la mani\u00e8re dont Google utilise vos informations personnelles ici\u00a0: https:\/\/www.google.com\/intl\/en\/policies\/privacy\/. Vous pouvez \u00e9galement vous d\u00e9sinscrire de Google Analytics ici : https:\/\/tools.google.com\/dlpage\/gaoptout.<\/p><p>Enfin, nous pouvons \u00e9galement partager vos informations personnelles pour nous conformer aux lois et r\u00e9glementations applicables, pour r\u00e9pondre \u00e0 une assignation \u00e0 compara\u00eetre, \u00e0 un mandat de perquisition ou \u00e0 toute autre demande l\u00e9gale d&#039;informations que nous recevons, ou pour prot\u00e9ger nos droits de toute autre mani\u00e8re.<\/p><p>Comme d\u00e9crit ci-dessus, nous utilisons vos informations personnelles pour vous proposer des publicit\u00e9s cibl\u00e9es ou des communications marketing qui, selon nous, pourraient vous int\u00e9resser. Pour plus d&#039;informations sur le fonctionnement de la publicit\u00e9 cibl\u00e9e, vous pouvez visiter la page \u00e9ducative de la Network Advertising Initiative (\u00ab NAI \u00bb) \u00e0 l&#039;adresse http:\/\/www.networkadvertising.org\/understanding-online-advertising\/how-does-it-work.<\/p><p>De plus, vous pouvez vous d\u00e9sinscrire de certains de ces services en visitant le portail de d\u00e9sinscription de la Digital Advertising Alliance \u00e0 l&#039;adresse\u00a0: http:\/\/optout.aboutads.info\/.<\/p><p style=\"background: transparent; border: 0px; outline: 0px; vertical-align: baseline; pointer-events: auto; line-height: normal; color: rgb(var(--color_2)); margin-block: 0px; margin-bottom: 0px;\">\u00a0<\/p><h6>NE PAS SUIVRE<\/h6><p>Veuillez noter que nous ne modifions pas les pratiques de collecte et d&#039;utilisation des donn\u00e9es de notre site lorsque nous voyons un signal Do Not Track provenant de votre navigateur.<\/p>\t\t\t\t\t\t\t\t<\/div>\n\t\t\t\t<\/div>\n\t\t\t\t\t<\/div>\n\t\t<\/div>\n\t\t\t\t\t<\/div>\n\t\t<\/section>\n\t\t\t\t<div class=\"elementor-element elementor-element-ac353ca elementor-widget elementor-widget-text-editor\" data-id=\"ac353ca\" data-element_type=\"widget\" data-e-type=\"widget\" data-settings=\"{&quot;mdp_selection_scrolling_effect_enable&quot;:false}\" data-widget_type=\"text-editor.default\">\n\t\t\t\t<div class=\"elementor-widget-container\">\n\t\t\t\t\t\t\t\t\t<h5>La conservation des donn\u00e9es<\/h5><p>Lorsque vous passez une commande via le Site, nous conserverons vos informations de commande dans nos dossiers \u00e0 moins et jusqu&#039;\u00e0 ce que vous nous demandiez de supprimer ces informations.\u00a0<\/p>\t\t\t\t\t\t\t\t<\/div>\n\t\t\t\t<\/div>\n\t\t\t\t<section class=\"elementor-section elementor-inner-section elementor-element elementor-element-361bdec elementor-section-boxed elementor-section-height-default elementor-section-height-default\" data-id=\"361bdec\" data-element_type=\"section\" data-e-type=\"section\" data-settings=\"{&quot;mdp_selection_sticky_effect_enable&quot;:false,&quot;mdp_selection_scrolling_effect_enable&quot;:false}\">\n\t\t\t\t\t\t<div class=\"elementor-container elementor-column-gap-no\">\n\t\t\t\t\t<div class=\"elementor-column elementor-col-100 elementor-inner-column elementor-element elementor-element-9528427\" data-id=\"9528427\" data-element_type=\"column\" data-e-type=\"column\" data-settings=\"{&quot;mdp_selection_sticky_column_effect_enable&quot;:false,&quot;mdp_selection_scrolling_effect_enable&quot;:false}\">\n\t\t\t<div class=\"elementor-widget-wrap elementor-element-populated\">\n\t\t\t\t\t\t<div class=\"elementor-element elementor-element-764b0db elementor-widget elementor-widget-text-editor\" data-id=\"764b0db\" data-element_type=\"widget\" data-e-type=\"widget\" data-settings=\"{&quot;mdp_selection_scrolling_effect_enable&quot;:false}\" data-widget_type=\"text-editor.default\">\n\t\t\t\t<div class=\"elementor-widget-container\">\n\t\t\t\t\t\t\t\t\t<h5>Contactez-nous<\/h5><p><span class=\"wixui-rich-text__text\"><span class=\"color_15 wixui-rich-text__text\">Pour plus d&#039;informations sur nos pratiques de confidentialit\u00e9, si vous avez des questions, ou si vous souhaitez d\u00e9poser une plainte, veuillez nous contacter par courriel \u00e0 gessiambre@totbox.ca ou par courrier \u00e0 l&#039;adresse suivante :\u00a0<\/span><\/span><span class=\"wixui-rich-text__text\"><span class=\"color_15 wixui-rich-text__text\">2220 Lakeshore Blvd. W, Etobicoke, ON M8V 0C1<\/span><\/span><\/p>\t\t\t\t\t\t\t\t<\/div>\n\t\t\t\t<\/div>\n\t\t\t\t\t<\/div>\n\t\t<\/div>\n\t\t\t\t\t<\/div>\n\t\t<\/section>\n\t\t\t\t\t<\/div>\n\t\t<\/div>\n\t\t\t\t\t<\/div>\n\t\t<\/section>\n\t\t\t\t<\/div>","protected":false},"excerpt":{"rendered":"<p>Politique de confidentialit\u00e9 de Totbox Productivity Solutions Collecte d&#039;informations personnelles Lorsque vous visitez notre site, nous collectons automatiquement certaines informations sur\u2026<\/p>","protected":false},"author":1,"featured_media":0,"parent":0,"menu_order":0,"comment_status":"closed","ping_status":"closed","template":"","meta":{"_acf_changed":false,"_coblocks_attr":"","_coblocks_dimensions":"","_coblocks_responsive_height":"","_coblocks_accordion_ie_support":"","inline_featured_image":false,"_price":"","_stock":"","_tribe_ticket_header":"","_tribe_default_ticket_provider":"","_tribe_ticket_capacity":"0","_ticket_start_date":"","_ticket_end_date":"","_tribe_ticket_show_description":"","_tribe_ticket_show_not_going":false,"_tribe_ticket_use_global_stock":"","_tribe_ticket_global_stock_level":"","_global_stock_mode":"","_global_stock_cap":"","_tribe_rsvp_for_event":"","_tribe_ticket_going_count":"","_tribe_ticket_not_going_count":"","_tribe_tickets_list":"[]","_tribe_ticket_has_attendee_info_fields":false,"footnotes":"","_links_to":"","_links_to_target":""},"class_list":["post-11142","page","type-page","status-publish","hentry"],"acf":[],"yoast_head":"<!-- This site is optimized with the Yoast SEO plugin v27.4 - https:\/\/yoast.com\/product\/yoast-seo-wordpress\/ -->\n<title>Privacy Policy - Totbox Productivity Solutions<\/title>\n<meta name=\"robots\" content=\"index, follow, max-snippet:-1, max-image-preview:large, max-video-preview:-1\" \/>\n<link rel=\"canonical\" href=\"https:\/\/totbox.ca\/fr_ca\/privacy-policy-2\/\" \/>\n<meta property=\"og:locale\" content=\"fr_CA\" \/>\n<meta property=\"og:type\" content=\"article\" \/>\n<meta property=\"og:title\" content=\"Privacy Policy - Totbox Productivity Solutions\" \/>\n<meta property=\"og:description\" content=\"Totbox Productivity Solutions Privacy Policy Personal Information Collection \u00a0 When you visit our Site, we automatically collect certain information about&#8230;\" \/>\n<meta property=\"og:url\" content=\"https:\/\/totbox.ca\/fr_ca\/privacy-policy-2\/\" \/>\n<meta property=\"og:site_name\" content=\"Totbox Productivity Solutions\" \/>\n<meta property=\"article:modified_time\" content=\"2024-04-18T00:01:15+00:00\" \/>\n<meta name=\"twitter:card\" content=\"summary_large_image\" \/>\n<meta name=\"twitter:label1\" content=\"Estimation du temps de lecture\" \/>\n\t<meta name=\"twitter:data1\" content=\"3 minutes\" \/>\n<script type=\"application\/ld+json\" class=\"yoast-schema-graph\">{\"@context\":\"https:\\\/\\\/schema.org\",\"@graph\":[{\"@type\":\"WebPage\",\"@id\":\"https:\\\/\\\/totbox.ca\\\/fr_ca\\\/privacy-policy-2\\\/\",\"url\":\"https:\\\/\\\/totbox.ca\\\/fr_ca\\\/privacy-policy-2\\\/\",\"name\":\"Privacy Policy - Totbox Productivity Solutions\",\"isPartOf\":{\"@id\":\"https:\\\/\\\/totbox.ca\\\/fr_ca\\\/#website\"},\"datePublished\":\"2023-07-11T14:54:23+00:00\",\"dateModified\":\"2024-04-18T00:01:15+00:00\",\"breadcrumb\":{\"@id\":\"https:\\\/\\\/totbox.ca\\\/fr_ca\\\/privacy-policy-2\\\/#breadcrumb\"},\"inLanguage\":\"fr-CA\",\"potentialAction\":[{\"@type\":\"ReadAction\",\"target\":[\"https:\\\/\\\/totbox.ca\\\/fr_ca\\\/privacy-policy-2\\\/\"]}]},{\"@type\":\"BreadcrumbList\",\"@id\":\"https:\\\/\\\/totbox.ca\\\/fr_ca\\\/privacy-policy-2\\\/#breadcrumb\",\"itemListElement\":[{\"@type\":\"ListItem\",\"position\":1,\"name\":\"Home\",\"item\":\"https:\\\/\\\/totbox.ca\\\/fr_ca\\\/\"},{\"@type\":\"ListItem\",\"position\":2,\"name\":\"Privacy Policy\"}]},{\"@type\":\"WebSite\",\"@id\":\"https:\\\/\\\/totbox.ca\\\/fr_ca\\\/#website\",\"url\":\"https:\\\/\\\/totbox.ca\\\/fr_ca\\\/\",\"name\":\"Totbox Productivity Solutions\",\"description\":\"Unlock your productivity potential\",\"publisher\":{\"@id\":\"https:\\\/\\\/totbox.ca\\\/fr_ca\\\/#organization\"},\"potentialAction\":[{\"@type\":\"SearchAction\",\"target\":{\"@type\":\"EntryPoint\",\"urlTemplate\":\"https:\\\/\\\/totbox.ca\\\/fr_ca\\\/?s={search_term_string}\"},\"query-input\":{\"@type\":\"PropertyValueSpecification\",\"valueRequired\":true,\"valueName\":\"search_term_string\"}}],\"inLanguage\":\"fr-CA\"},{\"@type\":\"Organization\",\"@id\":\"https:\\\/\\\/totbox.ca\\\/fr_ca\\\/#organization\",\"name\":\"Totbox Productivity Solutions\",\"url\":\"https:\\\/\\\/totbox.ca\\\/fr_ca\\\/\",\"logo\":{\"@type\":\"ImageObject\",\"inLanguage\":\"fr-CA\",\"@id\":\"https:\\\/\\\/totbox.ca\\\/fr_ca\\\/#\\\/schema\\\/logo\\\/image\\\/\",\"url\":\"https:\\\/\\\/totbox.ca\\\/wp-content\\\/uploads\\\/2024\\\/04\\\/TOTBOX-logo-for-website-orange.png\",\"contentUrl\":\"https:\\\/\\\/totbox.ca\\\/wp-content\\\/uploads\\\/2024\\\/04\\\/TOTBOX-logo-for-website-orange.png\",\"width\":176,\"height\":57,\"caption\":\"Totbox Productivity Solutions\"},\"image\":{\"@id\":\"https:\\\/\\\/totbox.ca\\\/fr_ca\\\/#\\\/schema\\\/logo\\\/image\\\/\"}}]}<\/script>\n<!-- \/ Yoast SEO plugin. -->","yoast_head_json":{"title":"Privacy Policy - Totbox Productivity Solutions","robots":{"index":"index","follow":"follow","max-snippet":"max-snippet:-1","max-image-preview":"max-image-preview:large","max-video-preview":"max-video-preview:-1"},"canonical":"https:\/\/totbox.ca\/fr_ca\/privacy-policy-2\/","og_locale":"fr_CA","og_type":"article","og_title":"Privacy Policy - Totbox Productivity Solutions","og_description":"Totbox Productivity Solutions Privacy Policy Personal Information Collection \u00a0 When you visit our Site, we automatically collect certain information about&#8230;","og_url":"https:\/\/totbox.ca\/fr_ca\/privacy-policy-2\/","og_site_name":"Totbox Productivity Solutions","article_modified_time":"2024-04-18T00:01:15+00:00","twitter_card":"summary_large_image","twitter_misc":{"Estimation du temps de lecture":"3 minutes"},"schema":{"@context":"https:\/\/schema.org","@graph":[{"@type":"WebPage","@id":"https:\/\/totbox.ca\/fr_ca\/privacy-policy-2\/","url":"https:\/\/totbox.ca\/fr_ca\/privacy-policy-2\/","name":"Privacy Policy - Totbox Productivity Solutions","isPartOf":{"@id":"https:\/\/totbox.ca\/fr_ca\/#website"},"datePublished":"2023-07-11T14:54:23+00:00","dateModified":"2024-04-18T00:01:15+00:00","breadcrumb":{"@id":"https:\/\/totbox.ca\/fr_ca\/privacy-policy-2\/#breadcrumb"},"inLanguage":"fr-CA","potentialAction":[{"@type":"ReadAction","target":["https:\/\/totbox.ca\/fr_ca\/privacy-policy-2\/"]}]},{"@type":"BreadcrumbList","@id":"https:\/\/totbox.ca\/fr_ca\/privacy-policy-2\/#breadcrumb","itemListElement":[{"@type":"ListItem","position":1,"name":"Home","item":"https:\/\/totbox.ca\/fr_ca\/"},{"@type":"ListItem","position":2,"name":"Privacy Policy"}]},{"@type":"WebSite","@id":"https:\/\/totbox.ca\/fr_ca\/#website","url":"https:\/\/totbox.ca\/fr_ca\/","name":"Solutions de productivit\u00e9 Totbox","description":"Lib\u00e9rez votre potentiel de productivit\u00e9","publisher":{"@id":"https:\/\/totbox.ca\/fr_ca\/#organization"},"potentialAction":[{"@type":"SearchAction","target":{"@type":"EntryPoint","urlTemplate":"https:\/\/totbox.ca\/fr_ca\/?s={search_term_string}"},"query-input":{"@type":"PropertyValueSpecification","valueRequired":true,"valueName":"search_term_string"}}],"inLanguage":"fr-CA"},{"@type":"Organization","@id":"https:\/\/totbox.ca\/fr_ca\/#organization","name":"Solutions de productivit\u00e9 Totbox","url":"https:\/\/totbox.ca\/fr_ca\/","logo":{"@type":"ImageObject","inLanguage":"fr-CA","@id":"https:\/\/totbox.ca\/fr_ca\/#\/schema\/logo\/image\/","url":"https:\/\/totbox.ca\/wp-content\/uploads\/2024\/04\/TOTBOX-logo-for-website-orange.png","contentUrl":"https:\/\/totbox.ca\/wp-content\/uploads\/2024\/04\/TOTBOX-logo-for-website-orange.png","width":176,"height":57,"caption":"Totbox Productivity Solutions"},"image":{"@id":"https:\/\/totbox.ca\/fr_ca\/#\/schema\/logo\/image\/"}}]}},"_links":{"self":[{"href":"https:\/\/totbox.ca\/fr_ca\/wp-json\/wp\/v2\/pages\/11142","targetHints":{"allow":["GET"]}}],"collection":[{"href":"https:\/\/totbox.ca\/fr_ca\/wp-json\/wp\/v2\/pages"}],"about":[{"href":"https:\/\/totbox.ca\/fr_ca\/wp-json\/wp\/v2\/types\/page"}],"author":[{"embeddable":true,"href":"https:\/\/totbox.ca\/fr_ca\/wp-json\/wp\/v2\/users\/1"}],"replies":[{"embeddable":true,"href":"https:\/\/totbox.ca\/fr_ca\/wp-json\/wp\/v2\/comments?post=11142"}],"version-history":[{"count":15,"href":"https:\/\/totbox.ca\/fr_ca\/wp-json\/wp\/v2\/pages\/11142\/revisions"}],"predecessor-version":[{"id":25938,"href":"https:\/\/totbox.ca\/fr_ca\/wp-json\/wp\/v2\/pages\/11142\/revisions\/25938"}],"wp:attachment":[{"href":"https:\/\/totbox.ca\/fr_ca\/wp-json\/wp\/v2\/media?parent=11142"}],"curies":[{"name":"wp","href":"https:\/\/api.w.org\/{rel}","templated":true}]}}